{"id":12819,"date":"2020-08-24T05:34:47","date_gmt":"2020-08-24T05:34:47","guid":{"rendered":"https:\/\/litho.themezaa.com\/?page_id=12819"},"modified":"2022-01-06T19:33:38","modified_gmt":"2022-01-06T19:33:38","slug":"home-blog-metro","status":"publish","type":"page","link":"https:\/\/erdupaavej.mansaplay.dk\/index.php\/home-blog-metro\/","title":{"rendered":"Home blog metro"},"content":{"rendered":"\t\t<div data-elementor-type=\"wp-page\" data-elementor-id=\"12819\" class=\"elementor elementor-12819\">\n\t\t\t\t\t\t<section class=\"elementor-section elementor-top-section elementor-element elementor-element-d4b6fa9 elementor-section-boxed elementor-section-height-default elementor-section-height-default\" data-id=\"d4b6fa9\" data-element_type=\"section\" data-e-type=\"section\">\n\t\t\t\t\t\t<div class=\"elementor-container elementor-column-gap-default\">\n\t\t\t\t\t<div class=\" elementor-column elementor-col-100 elementor-top-column elementor-element elementor-element-17c65e0\" data-fullscreen-column-settings=\"{&quot;fullscreen&quot;:&quot;&quot;}\" data-id=\"17c65e0\" data-element_type=\"column\" data-e-type=\"column\">\n\t\t\t<div class=\"elementor-widget-wrap elementor-element-populated\">\n\t\t\t\t\t\t<div class=\"elementor-element elementor-element-325976a elementor-widget elementor-widget-litho-heading\" data-id=\"325976a\" data-element_type=\"widget\" data-e-type=\"widget\" data-widget_type=\"litho-heading.default\">\n\t\t\t\t<div class=\"elementor-widget-container\">\n\t\t\t\t\t<h2 class=\"litho-heading elementor-size-default\"><span class=\"litho-primary-title\">ER DU P\u00c5 VEJ?<\/span><\/h2>\t\t\t\t<\/div>\n\t\t\t\t<\/div>\n\t\t\t\t<div class=\"elementor-element elementor-element-e5141cd elementor-widget elementor-widget-litho-drop-cap\" data-id=\"e5141cd\" data-element_type=\"widget\" data-e-type=\"widget\" data-widget_type=\"litho-drop-cap.default\">\n\t\t\t\t<div class=\"elementor-widget-container\">\n\t\t\t\t\t\t\t\t<div class=\"elementor-text-editor elementor-clearfix\"><p style=\"text-align: center\">K\u00f8ge Kommune s\u00e6tter fokus p\u00e5 bekymrende frav\u00e6r og hvordan det kan forebygges og h\u00e5ndteres.<\/p><\/div> \t\t\t\t\t\t\t<\/div>\n\t\t\t\t<\/div>\n\t\t\t\t\t<\/div>\n\t\t<\/div>\n\t\t\t\t\t<\/div>\n\t\t<\/section>\n\t\t\t\t<section class=\"elementor-section elementor-top-section elementor-element elementor-element-2a07f92 elementor-section-boxed elementor-section-height-default elementor-section-height-default\" data-id=\"2a07f92\" data-element_type=\"section\" data-e-type=\"section\">\n\t\t\t\t\t\t<div class=\"elementor-container elementor-column-gap-default\">\n\t\t\t\t\t<div class=\" elementor-column elementor-col-25 elementor-top-column elementor-element elementor-element-1e19084\" data-fullscreen-column-settings=\"{&quot;fullscreen&quot;:&quot;&quot;}\" data-id=\"1e19084\" data-element_type=\"column\" data-e-type=\"column\">\n\t\t\t<div class=\"elementor-widget-wrap elementor-element-populated\">\n\t\t\t\t\t\t<div class=\"elementor-element elementor-element-6bbe8ae elementor-widget elementor-widget-litho-tilt-box\" data-id=\"6bbe8ae\" data-element_type=\"widget\" data-e-type=\"widget\" data-widget_type=\"litho-tilt-box.default\">\n\t\t\t\t<div class=\"elementor-widget-container\">\n\t\t\t\t\t\t\t\t\t\t<div class=\"tilt-box-wrapper tilt-box-style-1\">\n\t\t\t\t\t   \t\t\t\t\t\t<div class=\"tilt-box\">\n\t\t\t\t\t\t\t\t\t\t\t\t\t\t\t\t\t\t\t\t\t\t\t<img decoding=\"async\" src=\"https:\/\/erdupaavej.mansaplay.dk\/wp-content\/uploads\/2022\/01\/1_web.png\" alt=\"1_web\"  srcset=\"https:\/\/erdupaavej.mansaplay.dk\/wp-content\/uploads\/2022\/01\/1_web.png 640w, https:\/\/erdupaavej.mansaplay.dk\/wp-content\/uploads\/2022\/01\/1_web-300x210.png 300w, https:\/\/erdupaavej.mansaplay.dk\/wp-content\/uploads\/2022\/01\/1_web-200x140.png 200w, https:\/\/erdupaavej.mansaplay.dk\/wp-content\/uploads\/2022\/01\/1_web-600x420.png 600w\" sizes=\"(max-width: 640px) 100vw, 640px\" \/>\t\t\t\t\t\t\t\t\t\t\t\t\t<\/div>\t\n\t\t\t\t\t<\/div>\n\t\t\t\t\t\t\t\t\t<\/div>\n\t\t\t\t<\/div>\n\t\t\t\t\t<\/div>\n\t\t<\/div>\n\t\t\t\t<div class=\" elementor-column elementor-col-25 elementor-top-column elementor-element elementor-element-975b83e\" data-fullscreen-column-settings=\"{&quot;fullscreen&quot;:&quot;&quot;}\" data-id=\"975b83e\" data-element_type=\"column\" data-e-type=\"column\">\n\t\t\t<div class=\"elementor-widget-wrap elementor-element-populated\">\n\t\t\t\t\t\t<div class=\"elementor-element elementor-element-dfc840d elementor-widget elementor-widget-litho-tilt-box\" data-id=\"dfc840d\" data-element_type=\"widget\" data-e-type=\"widget\" data-widget_type=\"litho-tilt-box.default\">\n\t\t\t\t<div class=\"elementor-widget-container\">\n\t\t\t\t\t\t\t\t\t\t<div class=\"tilt-box-wrapper tilt-box-style-1\">\n\t\t\t\t\t   \t\t\t\t\t\t<div class=\"tilt-box\">\n\t\t\t\t\t\t\t\t\t\t\t\t\t\t\t\t\t\t\t\t\t\t\t<img decoding=\"async\" src=\"https:\/\/erdupaavej.mansaplay.dk\/wp-content\/uploads\/2022\/01\/2_web.png\" alt=\"2_web\"  srcset=\"https:\/\/erdupaavej.mansaplay.dk\/wp-content\/uploads\/2022\/01\/2_web.png 640w, https:\/\/erdupaavej.mansaplay.dk\/wp-content\/uploads\/2022\/01\/2_web-300x214.png 300w, https:\/\/erdupaavej.mansaplay.dk\/wp-content\/uploads\/2022\/01\/2_web-200x143.png 200w, https:\/\/erdupaavej.mansaplay.dk\/wp-content\/uploads\/2022\/01\/2_web-600x428.png 600w\" sizes=\"(max-width: 640px) 100vw, 640px\" \/>\t\t\t\t\t\t\t\t\t\t\t\t\t<\/div>\t\n\t\t\t\t\t<\/div>\n\t\t\t\t\t\t\t\t\t<\/div>\n\t\t\t\t<\/div>\n\t\t\t\t\t<\/div>\n\t\t<\/div>\n\t\t\t\t<div class=\" elementor-column elementor-col-25 elementor-top-column elementor-element elementor-element-d1b43c6\" data-fullscreen-column-settings=\"{&quot;fullscreen&quot;:&quot;&quot;}\" data-id=\"d1b43c6\" data-element_type=\"column\" data-e-type=\"column\">\n\t\t\t<div class=\"elementor-widget-wrap elementor-element-populated\">\n\t\t\t\t\t\t<div class=\"elementor-element elementor-element-b9055e7 elementor-widget elementor-widget-litho-tilt-box\" data-id=\"b9055e7\" data-element_type=\"widget\" data-e-type=\"widget\" data-widget_type=\"litho-tilt-box.default\">\n\t\t\t\t<div class=\"elementor-widget-container\">\n\t\t\t\t\t\t\t\t\t\t<div class=\"tilt-box-wrapper tilt-box-style-1\">\n\t\t\t\t\t   \t\t\t\t\t\t<div class=\"tilt-box\">\n\t\t\t\t\t\t\t\t\t\t\t\t\t\t\t\t\t\t\t\t\t\t\t<img decoding=\"async\" src=\"https:\/\/erdupaavej.mansaplay.dk\/wp-content\/uploads\/2022\/01\/3_web.png\" alt=\"3_web\"  srcset=\"https:\/\/erdupaavej.mansaplay.dk\/wp-content\/uploads\/2022\/01\/3_web.png 640w, https:\/\/erdupaavej.mansaplay.dk\/wp-content\/uploads\/2022\/01\/3_web-300x207.png 300w, https:\/\/erdupaavej.mansaplay.dk\/wp-content\/uploads\/2022\/01\/3_web-200x138.png 200w, https:\/\/erdupaavej.mansaplay.dk\/wp-content\/uploads\/2022\/01\/3_web-600x414.png 600w\" sizes=\"(max-width: 640px) 100vw, 640px\" \/>\t\t\t\t\t\t\t\t\t\t\t\t\t<\/div>\t\n\t\t\t\t\t<\/div>\n\t\t\t\t\t\t\t\t\t<\/div>\n\t\t\t\t<\/div>\n\t\t\t\t\t<\/div>\n\t\t<\/div>\n\t\t\t\t<div class=\" elementor-column elementor-col-25 elementor-top-column elementor-element elementor-element-e719594\" data-fullscreen-column-settings=\"{&quot;fullscreen&quot;:&quot;&quot;}\" data-id=\"e719594\" data-element_type=\"column\" data-e-type=\"column\">\n\t\t\t<div class=\"elementor-widget-wrap elementor-element-populated\">\n\t\t\t\t\t\t<div class=\"elementor-element elementor-element-bec24b5 elementor-widget elementor-widget-litho-tilt-box\" data-id=\"bec24b5\" data-element_type=\"widget\" data-e-type=\"widget\" data-widget_type=\"litho-tilt-box.default\">\n\t\t\t\t<div class=\"elementor-widget-container\">\n\t\t\t\t\t\t\t\t\t\t<div class=\"tilt-box-wrapper tilt-box-style-1\">\n\t\t\t\t\t   \t\t\t\t\t\t<div class=\"tilt-box\">\n\t\t\t\t\t\t\t\t\t\t\t\t\t\t\t\t\t\t\t\t\t\t\t<img decoding=\"async\" src=\"https:\/\/erdupaavej.mansaplay.dk\/wp-content\/uploads\/2022\/01\/4_web.png\" alt=\"4_web\"  srcset=\"https:\/\/erdupaavej.mansaplay.dk\/wp-content\/uploads\/2022\/01\/4_web.png 640w, https:\/\/erdupaavej.mansaplay.dk\/wp-content\/uploads\/2022\/01\/4_web-300x211.png 300w, https:\/\/erdupaavej.mansaplay.dk\/wp-content\/uploads\/2022\/01\/4_web-200x141.png 200w, https:\/\/erdupaavej.mansaplay.dk\/wp-content\/uploads\/2022\/01\/4_web-600x423.png 600w\" sizes=\"(max-width: 640px) 100vw, 640px\" \/>\t\t\t\t\t\t\t\t\t\t\t\t\t<\/div>\t\n\t\t\t\t\t<\/div>\n\t\t\t\t\t\t\t\t\t<\/div>\n\t\t\t\t<\/div>\n\t\t\t\t\t<\/div>\n\t\t<\/div>\n\t\t\t\t\t<\/div>\n\t\t<\/section>\n\t\t\t\t<\/div>\n\t\t","protected":false},"excerpt":{"rendered":"<p>ER DU P\u00c5 VEJ? K\u00f8ge Kommune s\u00e6tter fokus p\u00e5 bekymrende frav\u00e6r og hvordan det kan forebygges og h\u00e5ndteres.<\/p>\n","protected":false},"author":1,"featured_media":0,"parent":0,"menu_order":0,"comment_status":"closed","ping_status":"closed","template":"","meta":{"footnotes":""},"class_list":["post-12819","page","type-page","status-publish","hentry"],"_links":{"self":[{"href":"https:\/\/erdupaavej.mansaplay.dk\/index.php\/wp-json\/wp\/v2\/pages\/12819","targetHints":{"allow":["GET"]}}],"collection":[{"href":"https:\/\/erdupaavej.mansaplay.dk\/index.php\/wp-json\/wp\/v2\/pages"}],"about":[{"href":"https:\/\/erdupaavej.mansaplay.dk\/index.php\/wp-json\/wp\/v2\/types\/page"}],"author":[{"embeddable":true,"href":"https:\/\/erdupaavej.mansaplay.dk\/index.php\/wp-json\/wp\/v2\/users\/1"}],"replies":[{"embeddable":true,"href":"https:\/\/erdupaavej.mansaplay.dk\/index.php\/wp-json\/wp\/v2\/comments?post=12819"}],"version-history":[{"count":6,"href":"https:\/\/erdupaavej.mansaplay.dk\/index.php\/wp-json\/wp\/v2\/pages\/12819\/revisions"}],"predecessor-version":[{"id":75435,"href":"https:\/\/erdupaavej.mansaplay.dk\/index.php\/wp-json\/wp\/v2\/pages\/12819\/revisions\/75435"}],"wp:attachment":[{"href":"https:\/\/erdupaavej.mansaplay.dk\/index.php\/wp-json\/wp\/v2\/media?parent=12819"}],"curies":[{"name":"wp","href":"https:\/\/api.w.org\/{rel}","templated":true}]}}